{"id":2312,"date":"2025-05-21T10:14:29","date_gmt":"2025-05-21T08:14:29","guid":{"rendered":"https:\/\/giovannellaberni.com\/privacy-center\/privacy-policy\/"},"modified":"2025-07-15T15:01:47","modified_gmt":"2025-07-15T13:01:47","slug":"privacy-policy","status":"publish","type":"page","link":"https:\/\/giovannellaberni.com\/en\/privacy-center\/privacy-policy\/","title":{"rendered":"Privacy Policy"},"content":{"rendered":"\t\t<div data-elementor-type=\"wp-page\" data-elementor-id=\"2312\" class=\"elementor elementor-2312 elementor-816\" data-elementor-post-type=\"page\">\n\t\t\t\t<div class=\"elementor-element elementor-element-78481841 e-flex e-con-boxed e-con e-parent\" data-id=\"78481841\" data-element_type=\"container\">\n\t\t\t\t\t<div class=\"e-con-inner\">\n\t\t\t\t<div class=\"elementor-element elementor-element-45949910 elementor-widget elementor-widget-text-editor\" data-id=\"45949910\" data-element_type=\"widget\" data-widget_type=\"text-editor.default\">\n\t\t\t\t<div class=\"elementor-widget-container\">\n\t\t\t\t\t\t\t\t\t<p>In ottemperanza agli obblighi della normativa nazionale (D. Lgs 30 giugno 2003 n\u00b0 196, Codice in materia di protezione dei dati personali) e comunitaria, (Regolamento europeo per la protezione dei dati personali n\u00b0 679\/2016, GDPR) e successive modifiche, questo sito rispetta e tutela la riservatezza dei visitatori e degli utenti. La presente politica sulla riservatezza si applica esclusivamente alle attivit\u00e0 online di questo sito ed \u00e8 valida sia per i visitatori che per gli utenti. Non si applica alle informazioni raccolte tramite canali diversi da questo sito. Lo scopo dell\u2019informativa \u00e8 di fornire la massima trasparenza sulle informazioni che il sito raccoglie e su come le usa.   <\/p><p><b>Base giuridica<\/b><\/p><p>Questo sito tratta i dati in base al consenso. Con l\u2019uso o la consultazione del sito, i visitatori e gli utenti approvano esplicitamente l\u2019informativa sulla privacy e acconsentono al trattamento dei dati personali in relazione alle modalit\u00e0 e alle finalit\u00e0 di seguito descritte, compresa l\u2019eventuale diffusione a terzi, qualora indispensabile per l\u2019erogazione di un servizio. Il conferimento dei dati, e quindi il consenso alla raccolta e al trattamento degli stessi, \u00e8 facoltativo: l\u2019utente pu\u00f2 negare il consenso e pu\u00f2 revocarlo in qualsiasi momento accedendo alla pagina <a href=\"..\/centro-privacy\/\" rel=\"noopener\">centro privacy<\/a>. Tuttavia, negare il consenso pu\u00f2 comportare l\u2019impossibilit\u00e0 di erogare alcuni servizi e l\u2019esperienza di navigazione nel sito potrebbe essere compromessa. A partire dal 25 maggio 2018 (data di entrata in vigore del GDPR), questo sito tratter\u00e0 alcuni dati in base ai legittimi interessi del titolare del trattamento.    <\/p><p><b>Dati raccolti e finalit\u00e0<\/b><\/p><p>Come tutti i siti web, anche questo sito fa uso di log file in cui si conservano informazioni raccolte in maniera automatizzata durante le visite degli utenti. Le informazioni raccolte potrebbero essere le seguenti: <\/p><ul><li>indirizzo internet protocol (IP);<\/li><li>tipo di browser e parametri usati;<\/li><li>nome dell\u2019internet service provider (ISP);<\/li><li>data e orario della visita;<\/li><li>pagina web di provenienza del visitatore (referral) e di uscita;<\/li><li>numero di click.<\/li><\/ul><p>Queste informazioni vengono trattate in forma automatizzata e raccolte in forma esclusivamente aggregata, per verificare il corretto funzionamento del sito e per motivi di sicurezza (dal 25 maggio 2018 tali informazioni saranno trattate in base ai legittimi interessi del titolare). A fini di sicurezza (filtri antispam, firewall, rilevazione virus), i dati registrati automaticamente possono eventualmente comprendere anche dati personali come l\u2019indirizzo IP, che potrebbe essere utilizzato, conformemente alle leggi vigenti in materia, per bloccare tentativi di danneggiamento al sito medesimo, o di recare danno ad altri utenti, o in generale attivit\u00e0 dannose o costituenti reato. Tali dati non sono mai utilizzati per l\u2019identificazione o la profilazione dell\u2019utente, ma solo a scopo di tutela del sito e dei suoi utenti (dal 25 maggio 2018 queste informazioni saranno trattate in base ai legittimi interessi del titolare). Qualora il sito consenta l\u2019inserimento di commenti, oppure in caso di specifici servizi richiesti dall\u2019utente, vengono rilevati automaticamente e registrati alcuni dati identificativi, compreso l\u2019indirizzo mail. Tali dati si intendono volontariamente forniti dall\u2019utente al momento della richiesta di erogazione del servizio. Inserendo un commento o altra informazione, si accetta espressamente l\u2019informativa privacy e, in particolare, si acconsente che i contenuti inseriti possano essere liberamente diffusi anche a terzi. I dati ricevuti verranno utilizzati esclusivamente per l\u2019erogazione del servizio richiesto e per il solo tempo necessario per la fornitura del servizio. Le informazioni che gli utenti del sito riterranno di rendere pubbliche, tramite i servizi e gli strumenti messi a disposizione degli stessi, sono fornite dall\u2019utente consapevolmente e volontariamente, esentando questo sito da ogni responsabilit\u00e0 in merito ad eventuali violazioni delle leggi. Spetta all\u2019utente verificare di avere i permessi per l\u2019immissione di dati personali di terzi o di contenuti tutelati dalle norme nazionali e internazionali. I dati raccolti dal sito durante il suo funzionamento sono utilizzati esclusivamente per le finalit\u00e0 sopra indicate e conservati per il tempo strettamente necessario a svolgere le attivit\u00e0 precisate. In ogni caso, i dati rilevati non saranno forniti mai a terzi, per nessuna ragione, a meno che non si tratti di legittima richiesta da parte dell\u2019autorit\u00e0 giudiziaria e nei soli casi previsti dalla legge. I dati utilizzati a fini di sicurezza (blocco tentativi di danneggiamento del sito) sono conservati per 7 giorni.           <\/p><p><b>Misure di sicurezza<\/b><\/p><p>Trattiamo i dati degli utenti in maniera lecita e corretta, adottando le opportune misure di sicurezza volte a impedire accessi non autorizzati, divulgazione, modifica o distruzione non autorizzata dei dati. Il trattamento viene effettuato mediante strumenti informatici e\/o telematici, con modalit\u00e0 organizzative e con logiche strettamente correlate alle finalit\u00e0 indicate. Oltre al titolare, in alcuni casi, potrebbero avere accesso ai dati categorie di incaricati coinvolti nell\u2019organizzazione del sito (personale amministrativo, commerciale, marketing, legali, amministratori di sistema), ovvero soggetti esterni (come fornitori di servizi tecnici terzi, corrieri postali, fornitori di hosting, societ\u00e0 informatiche, agenzie di comunicazione).  <\/p><p><b>Diritti dell\u2019utente<\/b><\/p><p>Ai sensi del Regolamento europeo 679\/2016 (GDPR) e della normativa nazionale, l\u2019utente pu\u00f2, secondo le modalit\u00e0 e nei limiti previsti dalla vigente normativa, esercitare i seguenti diritti:<\/p><ul><li>richiedere la conferma dell\u2019esistenza di dati personali che lo riguardano (diritto di accesso);<\/li><li>conoscerne l\u2019origine;<\/li><li>riceverne comunicazione intelligibile;<\/li><li>avere informazioni circa la logica, le modalit\u00e0 e le finalit\u00e0 del trattamento;<\/li><li>richiederne l\u2019aggiornamento, la rettifica, l\u2019integrazione, la cancellazione, la trasformazione in forma anonima, il blocco dei dati trattati in violazione di legge, inclusi quelli non pi\u00f9 necessari al raggiungimento dei fini per i quali sono stati raccolti;<\/li><li>nei casi di trattamento basato su consenso, ricevere al solo costo dell\u2019eventuale supporto i suoi dati forniti al titolare, in forma strutturata e leggibile da un elaboratore di dati e in un formato comunemente usato da un dispositivo elettronico;<\/li><li>il diritto di presentare un reclamo all\u2019autorit\u00e0 di controllo (Garante privacy);<\/li><li>nonch\u00e9, pi\u00f9 in generale, esercitare tutti i diritti che gli sono riconosciuti dalle vigenti disposizioni di legge.<\/li><\/ul><p>Le richieste vanno rivolte al titolare del trattamento. Accedendo alla pagina <span style=\"text-decoration: underline;\"><a href=\"..\/\" rel=\"noopener\">Centro privacy<\/a><\/span>, l\u2019utente ha la possibilit\u00e0 di gestire in piena autonomia le proprie esigenze. Nel caso in cui i dati siano trattati in base ai legittimi interessi sono comunque garantiti i diritti degli interessati al trattamento (tranne il diritto alla portabilit\u00e0 che non \u00e8 previsto dalle norme), in particolare il diritto di opposizione al trattamento, che pu\u00f2 essere esercitato inviando una richiesta al titolare del trattamento.  <\/p><p><b>Luogo del trattamento<\/b><\/p><p>I dati raccolti dal sito sono trattati presso la sede del titolare del trattamento e presso il centro dati dell\u2019hosting. Il web hosting (IperDada Pro), che \u00e8 responsabile del trattamento dei dati elaborando i dati per conto del titolare, si trova nello spazio economico europeo (SEE) e agisce in conformit\u00e0 delle norme europee. Le richieste vanno rivolte al titolare del trattamento. Nel caso in cui i dati siano trattati in base ai legittimi interessi sono comunque garantiti i diritti degli interessati al trattamento (tranne il diritto alla portabilit\u00e0 che non \u00e8 previsto dalle norme), in particolare il diritto di opposizione al trattamento che pu\u00f2 essere esercitato inviando una richiesta al titolare del trattamento.   <\/p><p><b>Titolare del trattamento<\/b><\/p><p>Titolare del trattamento ai sensi delle leggi vigenti \u00e8 Giovanna Berni, contattabile tramite la pagina <span style=\"text-decoration: underline;\"><a href=\"..\/contatto-dpo\/\" rel=\"noopener\">Contatto DPO<\/a><\/span>.<\/p><p><b>Aggiornamento<\/b><\/p><p>La presente informativa sulla privacy \u00e8 aggiornata in data 1 febbraio 2025.<\/p>\t\t\t\t\t\t\t\t<\/div>\n\t\t\t\t<\/div>\n\t\t\t\t\t<\/div>\n\t\t\t\t<\/div>\n\t\t\t\t<\/div>\n\t\t","protected":false},"excerpt":{"rendered":"<p>In ottemperanza agli obblighi della normativa nazionale (D. Lgs 30 giugno 2003 n\u00b0 196, Codice in materia di protezione dei dati personali) e comunitaria, (Regolamento europeo per la protezione dei dati personali n\u00b0 679\/2016, GDPR) e successive modifiche, questo sito rispetta e tutela la riservatezza dei visitatori e degli utenti. La presente politica sulla riservatezza [&hellip;]<\/p>\n","protected":false},"author":1,"featured_media":0,"parent":2305,"menu_order":0,"comment_status":"closed","ping_status":"closed","template":"","meta":{"footnotes":""},"class_list":["post-2312","page","type-page","status-publish","hentry"],"yoast_head":"<!-- This site is optimized with the Yoast SEO plugin v25.5 - https:\/\/yoast.com\/wordpress\/plugins\/seo\/ -->\n<title>Privacy Policy - Giovannella Berni<\/title>\n<meta name=\"robots\" content=\"index, follow, max-snippet:-1, max-image-preview:large, max-video-preview:-1\" \/>\n<link rel=\"canonical\" href=\"https:\/\/giovannellaberni.com\/en\/privacy-center\/privacy-policy\/\" \/>\n<meta property=\"og:locale\" content=\"en_US\" \/>\n<meta property=\"og:type\" content=\"article\" \/>\n<meta property=\"og:title\" content=\"Privacy Policy - Giovannella Berni\" \/>\n<meta property=\"og:description\" content=\"In ottemperanza agli obblighi della normativa nazionale (D. Lgs 30 giugno 2003 n\u00b0 196, Codice in materia di protezione dei dati personali) e comunitaria, (Regolamento europeo per la protezione dei dati personali n\u00b0 679\/2016, GDPR) e successive modifiche, questo sito rispetta e tutela la riservatezza dei visitatori e degli utenti. La presente politica sulla riservatezza [&hellip;]\" \/>\n<meta property=\"og:url\" content=\"https:\/\/giovannellaberni.com\/en\/privacy-center\/privacy-policy\/\" \/>\n<meta property=\"og:site_name\" content=\"Giovannella Berni\" \/>\n<meta property=\"article:publisher\" content=\"https:\/\/www.facebook.com\/profile.php?id=100067474980721\" \/>\n<meta property=\"article:modified_time\" content=\"2025-07-15T13:01:47+00:00\" \/>\n<meta name=\"twitter:card\" content=\"summary_large_image\" \/>\n<meta name=\"twitter:label1\" content=\"Est. reading time\" \/>\n\t<meta name=\"twitter:data1\" content=\"6 minutes\" \/>\n<script type=\"application\/ld+json\" class=\"yoast-schema-graph\">{\"@context\":\"https:\/\/schema.org\",\"@graph\":[{\"@type\":\"WebPage\",\"@id\":\"https:\/\/giovannellaberni.com\/en\/privacy-center\/privacy-policy\/\",\"url\":\"https:\/\/giovannellaberni.com\/en\/privacy-center\/privacy-policy\/\",\"name\":\"Privacy Policy - Giovannella Berni\",\"isPartOf\":{\"@id\":\"https:\/\/giovannellaberni.com\/en\/#website\"},\"datePublished\":\"2025-05-21T08:14:29+00:00\",\"dateModified\":\"2025-07-15T13:01:47+00:00\",\"breadcrumb\":{\"@id\":\"https:\/\/giovannellaberni.com\/en\/privacy-center\/privacy-policy\/#breadcrumb\"},\"inLanguage\":\"en-US\",\"potentialAction\":[{\"@type\":\"ReadAction\",\"target\":[\"https:\/\/giovannellaberni.com\/en\/privacy-center\/privacy-policy\/\"]}]},{\"@type\":\"BreadcrumbList\",\"@id\":\"https:\/\/giovannellaberni.com\/en\/privacy-center\/privacy-policy\/#breadcrumb\",\"itemListElement\":[{\"@type\":\"ListItem\",\"position\":1,\"name\":\"Home\",\"item\":\"https:\/\/giovannellaberni.com\/en\/home\/\"},{\"@type\":\"ListItem\",\"position\":2,\"name\":\"Privacy Center\",\"item\":\"https:\/\/giovannellaberni.com\/en\/privacy-center\/\"},{\"@type\":\"ListItem\",\"position\":3,\"name\":\"Privacy Policy\"}]},{\"@type\":\"WebSite\",\"@id\":\"https:\/\/giovannellaberni.com\/en\/#website\",\"url\":\"https:\/\/giovannellaberni.com\/en\/\",\"name\":\"Giovannella Berni\",\"description\":\"Atelier e corsi d&#039;arte\",\"publisher\":{\"@id\":\"https:\/\/giovannellaberni.com\/en\/#organization\"},\"potentialAction\":[{\"@type\":\"SearchAction\",\"target\":{\"@type\":\"EntryPoint\",\"urlTemplate\":\"https:\/\/giovannellaberni.com\/en\/?s={search_term_string}\"},\"query-input\":{\"@type\":\"PropertyValueSpecification\",\"valueRequired\":true,\"valueName\":\"search_term_string\"}}],\"inLanguage\":\"en-US\"},{\"@type\":\"Organization\",\"@id\":\"https:\/\/giovannellaberni.com\/en\/#organization\",\"name\":\"Giovannella Berni\",\"url\":\"https:\/\/giovannellaberni.com\/en\/\",\"logo\":{\"@type\":\"ImageObject\",\"inLanguage\":\"en-US\",\"@id\":\"https:\/\/giovannellaberni.com\/en\/#\/schema\/logo\/image\/\",\"url\":\"https:\/\/giovannellaberni.com\/2025_v1_dev1\/wp-content\/uploads\/2025\/05\/giovannella-berni_logo.svg\",\"contentUrl\":\"https:\/\/giovannellaberni.com\/2025_v1_dev1\/wp-content\/uploads\/2025\/05\/giovannella-berni_logo.svg\",\"width\":400,\"height\":29,\"caption\":\"Giovannella Berni\"},\"image\":{\"@id\":\"https:\/\/giovannellaberni.com\/en\/#\/schema\/logo\/image\/\"},\"sameAs\":[\"https:\/\/www.facebook.com\/profile.php?id=100067474980721\",\"https:\/\/www.instagram.com\/giovannellaberni\/\"]}]}<\/script>\n<!-- \/ Yoast SEO plugin. -->","yoast_head_json":{"title":"Privacy Policy - Giovannella Berni","robots":{"index":"index","follow":"follow","max-snippet":"max-snippet:-1","max-image-preview":"max-image-preview:large","max-video-preview":"max-video-preview:-1"},"canonical":"https:\/\/giovannellaberni.com\/en\/privacy-center\/privacy-policy\/","og_locale":"en_US","og_type":"article","og_title":"Privacy Policy - Giovannella Berni","og_description":"In ottemperanza agli obblighi della normativa nazionale (D. Lgs 30 giugno 2003 n\u00b0 196, Codice in materia di protezione dei dati personali) e comunitaria, (Regolamento europeo per la protezione dei dati personali n\u00b0 679\/2016, GDPR) e successive modifiche, questo sito rispetta e tutela la riservatezza dei visitatori e degli utenti. La presente politica sulla riservatezza [&hellip;]","og_url":"https:\/\/giovannellaberni.com\/en\/privacy-center\/privacy-policy\/","og_site_name":"Giovannella Berni","article_publisher":"https:\/\/www.facebook.com\/profile.php?id=100067474980721","article_modified_time":"2025-07-15T13:01:47+00:00","twitter_card":"summary_large_image","twitter_misc":{"Est. reading time":"6 minutes"},"schema":{"@context":"https:\/\/schema.org","@graph":[{"@type":"WebPage","@id":"https:\/\/giovannellaberni.com\/en\/privacy-center\/privacy-policy\/","url":"https:\/\/giovannellaberni.com\/en\/privacy-center\/privacy-policy\/","name":"Privacy Policy - Giovannella Berni","isPartOf":{"@id":"https:\/\/giovannellaberni.com\/en\/#website"},"datePublished":"2025-05-21T08:14:29+00:00","dateModified":"2025-07-15T13:01:47+00:00","breadcrumb":{"@id":"https:\/\/giovannellaberni.com\/en\/privacy-center\/privacy-policy\/#breadcrumb"},"inLanguage":"en-US","potentialAction":[{"@type":"ReadAction","target":["https:\/\/giovannellaberni.com\/en\/privacy-center\/privacy-policy\/"]}]},{"@type":"BreadcrumbList","@id":"https:\/\/giovannellaberni.com\/en\/privacy-center\/privacy-policy\/#breadcrumb","itemListElement":[{"@type":"ListItem","position":1,"name":"Home","item":"https:\/\/giovannellaberni.com\/en\/home\/"},{"@type":"ListItem","position":2,"name":"Privacy Center","item":"https:\/\/giovannellaberni.com\/en\/privacy-center\/"},{"@type":"ListItem","position":3,"name":"Privacy Policy"}]},{"@type":"WebSite","@id":"https:\/\/giovannellaberni.com\/en\/#website","url":"https:\/\/giovannellaberni.com\/en\/","name":"Giovannella Berni","description":"Atelier e corsi d&#039;arte","publisher":{"@id":"https:\/\/giovannellaberni.com\/en\/#organization"},"potentialAction":[{"@type":"SearchAction","target":{"@type":"EntryPoint","urlTemplate":"https:\/\/giovannellaberni.com\/en\/?s={search_term_string}"},"query-input":{"@type":"PropertyValueSpecification","valueRequired":true,"valueName":"search_term_string"}}],"inLanguage":"en-US"},{"@type":"Organization","@id":"https:\/\/giovannellaberni.com\/en\/#organization","name":"Giovannella Berni","url":"https:\/\/giovannellaberni.com\/en\/","logo":{"@type":"ImageObject","inLanguage":"en-US","@id":"https:\/\/giovannellaberni.com\/en\/#\/schema\/logo\/image\/","url":"https:\/\/giovannellaberni.com\/2025_v1_dev1\/wp-content\/uploads\/2025\/05\/giovannella-berni_logo.svg","contentUrl":"https:\/\/giovannellaberni.com\/2025_v1_dev1\/wp-content\/uploads\/2025\/05\/giovannella-berni_logo.svg","width":400,"height":29,"caption":"Giovannella Berni"},"image":{"@id":"https:\/\/giovannellaberni.com\/en\/#\/schema\/logo\/image\/"},"sameAs":["https:\/\/www.facebook.com\/profile.php?id=100067474980721","https:\/\/www.instagram.com\/giovannellaberni\/"]}]}},"_links":{"self":[{"href":"https:\/\/giovannellaberni.com\/en\/wp-json\/wp\/v2\/pages\/2312","targetHints":{"allow":["GET"]}}],"collection":[{"href":"https:\/\/giovannellaberni.com\/en\/wp-json\/wp\/v2\/pages"}],"about":[{"href":"https:\/\/giovannellaberni.com\/en\/wp-json\/wp\/v2\/types\/page"}],"author":[{"embeddable":true,"href":"https:\/\/giovannellaberni.com\/en\/wp-json\/wp\/v2\/users\/1"}],"replies":[{"embeddable":true,"href":"https:\/\/giovannellaberni.com\/en\/wp-json\/wp\/v2\/comments?post=2312"}],"version-history":[{"count":1,"href":"https:\/\/giovannellaberni.com\/en\/wp-json\/wp\/v2\/pages\/2312\/revisions"}],"predecessor-version":[{"id":2313,"href":"https:\/\/giovannellaberni.com\/en\/wp-json\/wp\/v2\/pages\/2312\/revisions\/2313"}],"up":[{"embeddable":true,"href":"https:\/\/giovannellaberni.com\/en\/wp-json\/wp\/v2\/pages\/2305"}],"wp:attachment":[{"href":"https:\/\/giovannellaberni.com\/en\/wp-json\/wp\/v2\/media?parent=2312"}],"curies":[{"name":"wp","href":"https:\/\/api.w.org\/{rel}","templated":true}]}}